{"id":281,"date":"2025-10-09T19:50:09","date_gmt":"2025-10-09T19:50:09","guid":{"rendered":"https:\/\/www.hugodube.ca\/?page_id=281"},"modified":"2026-01-14T15:13:12","modified_gmt":"2026-01-14T15:13:12","slug":"anciens-projets","status":"publish","type":"page","link":"https:\/\/www.hugodube.ca\/index.php\/anciens-projets\/","title":{"rendered":"Mes anciennes entreprises et projets"},"content":{"rendered":"\t\t<div data-elementor-type=\"wp-page\" data-elementor-id=\"281\" class=\"elementor elementor-281\" data-elementor-post-type=\"page\">\n\t\t\t\t<div class=\"elementor-element elementor-element-1ad7b33 e-flex e-con-boxed e-con e-parent\" data-id=\"1ad7b33\" data-element_type=\"container\" data-e-type=\"container\">\n\t\t\t\t\t<div class=\"e-con-inner\">\n\t\t\t\t<div class=\"elementor-element elementor-element-2328fd1 elementor-widget elementor-widget-heading\" data-id=\"2328fd1\" data-element_type=\"widget\" data-e-type=\"widget\" data-widget_type=\"heading.default\">\n\t\t\t\t<div class=\"elementor-widget-container\">\n\t\t\t\t\t<h1 class=\"elementor-heading-title elementor-size-default\">Mes anciennes entreprise et projets<\/h1>\t\t\t\t<\/div>\n\t\t\t\t<\/div>\n\t\t\t\t\t<\/div>\n\t\t\t\t<\/div>\n\t\t<div class=\"elementor-element elementor-element-9188a1a e-flex e-con-boxed e-con e-parent\" data-id=\"9188a1a\" data-element_type=\"container\" data-e-type=\"container\">\n\t\t\t\t\t<div class=\"e-con-inner\">\n\t\t\t\t<div class=\"elementor-element elementor-element-db98fd2 elementor-widget elementor-widget-text-editor\" data-id=\"db98fd2\" data-element_type=\"widget\" data-e-type=\"widget\" data-widget_type=\"text-editor.default\">\n\t\t\t\t<div class=\"elementor-widget-container\">\n\t\t\t\t\t\t\t\t\t<ul>\n \t<li><strong>Tactic Design<\/strong><\/li>\n<\/ul>\nAgence marketing sp\u00e9cialis\u00e9e en design et strat\u00e9gie, qui a \u00e9t\u00e9 fusionn\u00e9e avec Tchin pour former Tchin Tactic.\n<br><br>\n<ul>\n \t<li><strong>Tchin Tactic<\/strong><\/li>\n<\/ul>\nAgence marketing issue de la fusion entre Tchin, entreprise que j\u2019ai fond\u00e9e, et Tactic Design, combinant cr\u00e9ativit\u00e9, design et strat\u00e9gie num\u00e9rique.\n<br><br>\n<ul>\n \t<li><strong>Klic l\u2019agence<\/strong><\/li>\n<\/ul>\nAgence marketing sp\u00e9cialis\u00e9e en g\u00e9n\u00e9ration de leads et de prospects, ax\u00e9e sur la performance et la croissance des entreprises.\n<br><br>\n<ul>\n\t<li><strong>Production Rouj<\/strong><\/li>\n<\/ul>\nAgence marketing acquise en 2021 au Nouveau-Brunswick, sp\u00e9cialis\u00e9e en cr\u00e9ation et en accompagnement marketing.\n<br><br>\n<ul>\n\t<li><strong>Confort S\u00e9curit\u00e9 2000<\/strong><\/li>\n<\/ul>\nEntreprise sp\u00e9cialis\u00e9e en s\u00e9curit\u00e9, offrant des solutions de syst\u00e8mes d\u2019alarme, de contr\u00f4le d\u2019acc\u00e8s et de syst\u00e8mes d\u2019incendie.\n<br><br>\n<ul>\n \t<li><strong>Servlinks Communication<\/strong><\/li>\n<\/ul>\nMa premi\u00e8re entreprise, fond\u00e9e au d\u00e9but de mon parcours entrepreneurial, qui a \u00e9t\u00e9 fusionn\u00e9e avec Informatique IDC en 2021 pour donner naissance \u00e0 Atria.\n<br><br>\n<ul>\n \t<li><strong>Informatique IDC<\/strong><\/li>\n<\/ul>\nEntreprise en services informatiques qui a \u00e9t\u00e9 fusionn\u00e9e avec Servlinks Communication en 2021 pour cr\u00e9er Atria, une firme sp\u00e9cialis\u00e9e en services informatiques pour entreprises.\n<br><br>\n<ul>\n \t<li><strong>Serglobe<\/strong><\/li>\n<\/ul>\nEntreprise sp\u00e9cialis\u00e9e en d\u00e9veloppement de logiciels et en optimisation des processus d\u2019affaires.\t\t\t\t\t\t\t\t<\/div>\n\t\t\t\t<\/div>\n\t\t\t\t<div class=\"elementor-element elementor-element-3ff0382 elementor-align-center elementor-widget elementor-widget-button\" data-id=\"3ff0382\" data-element_type=\"widget\" data-e-type=\"widget\" data-widget_type=\"button.default\">\n\t\t\t\t<div class=\"elementor-widget-container\">\n\t\t\t\t\t\t\t\t\t<div class=\"elementor-button-wrapper\">\n\t\t\t\t\t<a class=\"elementor-button elementor-button-link elementor-size-sm\" href=\"\/\">\n\t\t\t\t\t\t<span class=\"elementor-button-content-wrapper\">\n\t\t\t\t\t\t\t\t\t<span class=\"elementor-button-text\">Retour<\/span>\n\t\t\t\t\t<\/span>\n\t\t\t\t\t<\/a>\n\t\t\t\t<\/div>\n\t\t\t\t\t\t\t\t<\/div>\n\t\t\t\t<\/div>\n\t\t\t\t\t<\/div>\n\t\t\t\t<\/div>\n\t\t\t\t<\/div>\n\t\t","protected":false},"excerpt":{"rendered":"<p>Mes anciennes entreprise et projets Tactic Design Agence marketing sp\u00e9cialis\u00e9e en design et strat\u00e9gie, qui a \u00e9t\u00e9 fusionn\u00e9e avec Tchin pour former Tchin Tactic. Tchin Tactic Agence marketing issue de la fusion entre Tchin, entreprise que j\u2019ai fond\u00e9e, et Tactic Design, combinant cr\u00e9ativit\u00e9, design et strat\u00e9gie num\u00e9rique. Klic l\u2019agence Agence marketing sp\u00e9cialis\u00e9e en g\u00e9n\u00e9ration de [&hellip;]<\/p>\n<div class=\"read-more\"><a href=\"https:\/\/www.hugodube.ca\/index.php\/anciens-projets\/\" class=\"read-more-link\">Read More&#8230;<\/a><\/div>\n","protected":false},"author":1,"featured_media":0,"parent":0,"menu_order":0,"comment_status":"closed","ping_status":"closed","template":"elementor_canvas","meta":{"footnotes":""},"class_list":["post-281","page","type-page","status-publish","hentry"],"_links":{"self":[{"href":"https:\/\/www.hugodube.ca\/index.php\/wp-json\/wp\/v2\/pages\/281","targetHints":{"allow":["GET"]}}],"collection":[{"href":"https:\/\/www.hugodube.ca\/index.php\/wp-json\/wp\/v2\/pages"}],"about":[{"href":"https:\/\/www.hugodube.ca\/index.php\/wp-json\/wp\/v2\/types\/page"}],"author":[{"embeddable":true,"href":"https:\/\/www.hugodube.ca\/index.php\/wp-json\/wp\/v2\/users\/1"}],"replies":[{"embeddable":true,"href":"https:\/\/www.hugodube.ca\/index.php\/wp-json\/wp\/v2\/comments?post=281"}],"version-history":[{"count":5,"href":"https:\/\/www.hugodube.ca\/index.php\/wp-json\/wp\/v2\/pages\/281\/revisions"}],"predecessor-version":[{"id":324,"href":"https:\/\/www.hugodube.ca\/index.php\/wp-json\/wp\/v2\/pages\/281\/revisions\/324"}],"wp:attachment":[{"href":"https:\/\/www.hugodube.ca\/index.php\/wp-json\/wp\/v2\/media?parent=281"}],"curies":[{"name":"wp","href":"https:\/\/api.w.org\/{rel}","templated":true}]}}