{"id":3,"date":"2024-03-16T13:56:13","date_gmt":"2024-03-16T13:56:13","guid":{"rendered":"https:\/\/www.hugodube.ca\/?page_id=3"},"modified":"2026-02-12T10:00:59","modified_gmt":"2026-02-12T10:00:59","slug":"privacy-policy","status":"publish","type":"page","link":"https:\/\/www.hugodube.ca\/index.php\/privacy-policy\/","title":{"rendered":"Politique de confidentialit\u00e9"},"content":{"rendered":"\n<h1 class=\"wp-block-heading\">Politique de confidentialit\u00e9<\/h1>\n\n\n\n<p><strong>hugodube.ca<\/strong> respecte ses clients et leur droit \u00e0 la vie priv\u00e9e. La politique de protection des renseignements personnels, ci-dessous, d\u00e9crit les renseignements personnels et les informations que nous pouvons recueillir aupr\u00e8s de notre client\u00e8le Web ainsi que les fins auxquelles nous les recueillons, l\u2019utilisation que nous en faisons et les circonstances dans lesquelles nous pouvons les transmettre \u00e0 des tiers. La pr\u00e9sente politique pr\u00e9sente aussi les choix qui s\u2019offrent \u00e0 vous concernant la collecte, l\u2019utilisation et la communication de vos renseignements personnels.<\/p>\n\n\n\n<p><strong>hugodube.ca<\/strong> s\u2019engage \u00e0 ne pas recueillir, utiliser ou communiquer des renseignements personnels autrement qu\u2019en conformit\u00e9 avec la pr\u00e9sente politique.<\/p>\n\n\n\n<p>Lorsque vous visitez le site Web <strong>hugodube.ca<\/strong> ou que vous achetez nos produits en ligne, le cas \u00e9ch\u00e9ant, vous acceptez les modalit\u00e9s et les conditions de la pr\u00e9sente politique. Advenant un changement \u00e0 notre politique, nous vous aviserons via l\u2019affichage d\u2019une mise \u00e0 jour sur notre site Web. Si vous continuez \u00e0 utiliser le site Web apr\u00e8s l\u2019affichage d\u2019une mise \u00e0 jour de notre politique, vous indiquez ainsi votre acceptation des changements et \u00eates ainsi li\u00e9 par ces changements. Il vous incombe d\u2019examiner r\u00e9guli\u00e8rement la pr\u00e9sente politique et les changements qui y seront apport\u00e9s.<\/p>\n\n\n\n<h2 class=\"wp-block-heading\">Protection des renseignements<\/h2>\n\n\n\n<h3 class=\"wp-block-heading\">Quel type de renseignements recueillons-nous ?<\/h3>\n\n\n\n<p>Advenant que vous sauvegardiez des renseignements personnels sur notre site Web (en cr\u00e9ant un compte d\u2019utilisateur ou en choisissant un mot de passe, en effectuant une recherche de produits, en passant une commande, en fournissant des renseignements dans votre compte) ou si vous nous transmettez des informations personnelles via toute forme de communication \u00e9lectronique (communication par Facebook, par t\u00e9l\u00e9phone, en participant \u00e0 un concours, en remplissant un formulaire de sondage ou une promotion), nous pouvons obtenir et sauvegarder ces informations. Les informations relatives aux m\u00e9thodes de paiements, \u00e0 la carte de cr\u00e9dit, aux adresses de facturation et de livraison sont assujetties aux m\u00eames politiques que celles cit\u00e9es ci-haut.<\/p>\n\n\n\n<p>Le site Web <strong>hugodube.ca<\/strong> est r\u00e9serv\u00e9 \u00e0 une utilisation adulte. Nous ne collectons aucune information personnelle d\u2019enfants \u00e2g\u00e9s de 13 ans et moins. Les personnes \u00e2g\u00e9es de 13 ans et moins ne devraient pas utiliser le site Web ou fournir des informations personnelles.<\/p>\n\n\n\n<h3 class=\"wp-block-heading\">Comment utilisons-nous vos renseignements ?<\/h3>\n\n\n\n<p>Nous pouvons utiliser vos renseignements personnels pour :<\/p>\n\n\n\n<ul class=\"wp-block-list\">\n<li>Traiter vos commandes et r\u00e9pondre \u00e0 vos questions<\/li>\n\n\n\n<li>Vous faire parvenir les produits command\u00e9s<\/li>\n\n\n\n<li>Rester en contact avec vous et vous fournir un service personnalis\u00e9<\/li>\n\n\n\n<li>Communiquer avec vous pour vous faire parvenir du mat\u00e9riel publicitaire ou de l\u2019information suppl\u00e9mentaire sur nos produits<\/li>\n\n\n\n<li>Effectuer des \u00e9tudes de march\u00e9 et des recherches afin d\u2019\u00e9valuer notre service \u00e0 la client\u00e8le et d\u2019am\u00e9liorer nos produits<\/li>\n<\/ul>\n\n\n\n<p>Vous pouvez en tout temps choisir de recevoir ou non notre mat\u00e9riel publicitaire.<\/p>\n\n\n\n<h3 class=\"wp-block-heading\">Partage des renseignements avec des tiers<\/h3>\n\n\n\n<p>Lorsque vous visitez le site Web <strong>hugodube.ca<\/strong>, que vous achetez des produits en ligne, que vous participez \u00e0 un concours, \u00e0 un sondage ou \u00e0 une promotion, nous pouvons utiliser des renseignements \u00e0 votre sujet afin de vous transmettre du mat\u00e9riel publicitaire et de l\u2019information additionnelle sur nos produits.<\/p>\n\n\n\n<p>En aucun temps, nous ne vendons ou ne louons vos renseignements personnels \u00e0 des tiers tel que prescrit par la Loi.<\/p>\n\n\n\n<p>Nous pouvons transmettre vos renseignements personnels \u00e0 des tiers \u00e0 des fins de traitement conform\u00e9ment \u00e0 des ententes exigeant des mesures de s\u00e9curit\u00e9 appropri\u00e9es.<\/p>\n\n\n\n<p>Nous nous r\u00e9servons le droit de communiquer vos renseignements personnels dans les cas requis par la Loi.<\/p>\n\n\n\n<h3 class=\"wp-block-heading\">T\u00e9moins (\u00ab cookies \u00bb)<\/h3>\n\n\n\n<p>Les t\u00e9moins sont des fichiers cr\u00e9\u00e9s par votre navigateur internet pour retenir vos pr\u00e9f\u00e9rences et actions sur les sites web que vous visitez. Ils ne contiennent pas d\u2019informations personnelles mais permettent de conserver certaines donn\u00e9es comme les articles dans votre panier ou vos param\u00e8tres de connexion.<\/p>\n\n\n\n<p>Les t\u00e9moins peuvent \u00eatre utilis\u00e9s pour :<\/p>\n\n\n\n<ul class=\"wp-block-list\">\n<li>Assurer le bon fonctionnement du site<\/li>\n\n\n\n<li>Personnaliser votre exp\u00e9rience<\/li>\n\n\n\n<li>Analyser les performances du site<\/li>\n\n\n\n<li>Am\u00e9liorer nos services<\/li>\n\n\n\n<li>Rendre les publicit\u00e9s plus pertinentes<\/li>\n<\/ul>\n\n\n\n<p>Les donn\u00e9es collect\u00e9es sont anonymes et regroup\u00e9es lorsque requis.<\/p>\n\n\n\n<h3 class=\"wp-block-heading\">Conservation des renseignements<\/h3>\n\n\n\n<p>Nous ne conservons vos renseignements personnels que pour la dur\u00e9e n\u00e9cessaire aux fins pr\u00e9vues dans la pr\u00e9sente politique ou conform\u00e9ment aux exigences l\u00e9gales.<\/p>\n\n\n\n<h3 class=\"wp-block-heading\">Protection des renseignements<\/h3>\n\n\n\n<p>Nous avons adopt\u00e9 des mesures de s\u00e9curit\u00e9 appropri\u00e9es afin de prot\u00e9ger vos renseignements personnels contre la perte, le vol, l\u2019acc\u00e8s ou l\u2019utilisation non autoris\u00e9e.<\/p>\n\n\n\n<h3 class=\"wp-block-heading\">Acc\u00e8s, modification ou plainte<\/h3>\n\n\n\n<p>Vous pouvez demander l\u2019acc\u00e8s \u00e0 vos renseignements personnels, leur correction ou retirer votre consentement en communiquant avec nous par \u00e9crit.<\/p>\n\n\n\n<h2 class=\"wp-block-heading\">Responsable de la protection des renseignements personnels<\/h2>\n\n\n\n<p>hugodube.ca<br>298 boulevard Armand-Th\u00e9riault, 3e \u00e9tage<br>Rivi\u00e8re-du-Loup (Qu\u00e9bec) G5R 4C2<br>Courriel : <a>contact@hugodube.ca<\/a><br>T\u00e9l\u00e9phone : 418-816-1627<\/p>\n\n\n\n<p>Date d\u2019entr\u00e9e en vigueur : 1er mars 2024<\/p>\n","protected":false},"excerpt":{"rendered":"<p>Politique de confidentialit\u00e9 hugodube.ca respecte ses clients et leur droit \u00e0 la vie priv\u00e9e. La politique de protection des renseignements personnels, ci-dessous, d\u00e9crit les renseignements personnels et les informations que nous pouvons recueillir aupr\u00e8s de notre client\u00e8le Web ainsi que les fins auxquelles nous les recueillons, l\u2019utilisation que nous en faisons et les circonstances dans [&hellip;]<\/p>\n<div class=\"read-more\"><a href=\"https:\/\/www.hugodube.ca\/index.php\/privacy-policy\/\" class=\"read-more-link\">Read More&#8230;<\/a><\/div>\n","protected":false},"author":1,"featured_media":0,"parent":0,"menu_order":0,"comment_status":"closed","ping_status":"open","template":"","meta":{"footnotes":""},"class_list":["post-3","page","type-page","status-publish","hentry"],"_links":{"self":[{"href":"https:\/\/www.hugodube.ca\/index.php\/wp-json\/wp\/v2\/pages\/3","targetHints":{"allow":["GET"]}}],"collection":[{"href":"https:\/\/www.hugodube.ca\/index.php\/wp-json\/wp\/v2\/pages"}],"about":[{"href":"https:\/\/www.hugodube.ca\/index.php\/wp-json\/wp\/v2\/types\/page"}],"author":[{"embeddable":true,"href":"https:\/\/www.hugodube.ca\/index.php\/wp-json\/wp\/v2\/users\/1"}],"replies":[{"embeddable":true,"href":"https:\/\/www.hugodube.ca\/index.php\/wp-json\/wp\/v2\/comments?post=3"}],"version-history":[{"count":2,"href":"https:\/\/www.hugodube.ca\/index.php\/wp-json\/wp\/v2\/pages\/3\/revisions"}],"predecessor-version":[{"id":341,"href":"https:\/\/www.hugodube.ca\/index.php\/wp-json\/wp\/v2\/pages\/3\/revisions\/341"}],"wp:attachment":[{"href":"https:\/\/www.hugodube.ca\/index.php\/wp-json\/wp\/v2\/media?parent=3"}],"curies":[{"name":"wp","href":"https:\/\/api.w.org\/{rel}","templated":true}]}}